{"id":2042,"date":"2002-01-06T01:33:33","date_gmt":"2002-01-05T21:33:33","guid":{"rendered":"http:\/\/cosmo.yerphi.am\/?page_id=2042"},"modified":"2025-09-02T15:48:48","modified_gmt":"2025-09-02T11:48:48","slug":"other-impacts2","status":"publish","type":"page","link":"https:\/\/cosmo.yerphi.am\/index.php\/other-impacts2\/","title":{"rendered":"Other impacts"},"content":{"rendered":"<p><span style=\"font-family: georgia, palatino, serif;\"><a href=\"https:\/\/cosmo.yerphi.am\/wp-content\/uploads\/2024\/08\/tigran2.jpg\"><img loading=\"lazy\" decoding=\"async\" class=\"alignleft wp-image-3154\" style=\"margin: 0px 10px 15px 0px;\" src=\"https:\/\/cosmo.yerphi.am\/wp-content\/uploads\/2024\/08\/tigran2.jpg\" alt=\"\" width=\"100\" height=\"101\" srcset=\"https:\/\/cosmo.yerphi.am\/wp-content\/uploads\/2024\/08\/tigran2.jpg 400w, https:\/\/cosmo.yerphi.am\/wp-content\/uploads\/2024\/08\/tigran2-298x300.jpg 298w, https:\/\/cosmo.yerphi.am\/wp-content\/uploads\/2024\/08\/tigran2-150x150.jpg 150w\" sizes=\"auto, (max-width: 100px) 100vw, 100px\" \/><\/a><span style=\"text-decoration: underline;\"><strong><span style=\"font-size: 14pt;\"><a href=\"http:\/\/www.nkj.ru\/archive\/articles\/834\/\" target=\"_blank\" rel=\"noopener noreferrer\">Tigranes-Halley comet<\/a><\/span><\/strong><\/span><\/span><\/p>\n<p><span style=\"text-decoration: underline; font-family: georgia, palatino, serif;\"><a href=\"http:\/\/arxiv.org\/abs\/physics\/0405073\" target=\"_blank\" rel=\"noopener noreferrer\">V.G.Gurzadyan, R.Vardanyan, Halley&#8217;s comet of 87 BC on the coins of Armenian king Tigranes? Astronomy &amp; Geophysics (Royal Astronomical Society, UK) 45 (4, August), p.4.06, 2004<\/a><\/span><\/p>\n<h4>\u00a0<\/h4>\n<p id=\"h_507053455131723736328406\"><span style=\"font-size: 14pt; font-family: georgia, palatino, serif;\"><strong><a href=\"https:\/\/cosmo.yerphi.am\/wp-content\/uploads\/2012\/03\/Ararat-4.jpg\"><img loading=\"lazy\" decoding=\"async\" class=\"alignleft wp-image-348\" style=\"margin: 0px 10px 3px 0px;\" src=\"https:\/\/cosmo.yerphi.am\/wp-content\/uploads\/2012\/03\/Ararat-4-1024x771.jpg\" alt=\"\" width=\"100\" height=\"75\" srcset=\"https:\/\/cosmo.yerphi.am\/wp-content\/uploads\/2012\/03\/Ararat-4-1024x771.jpg 1024w, https:\/\/cosmo.yerphi.am\/wp-content\/uploads\/2012\/03\/Ararat-4-300x225.jpg 300w, https:\/\/cosmo.yerphi.am\/wp-content\/uploads\/2012\/03\/Ararat-4.jpg 1200w\" sizes=\"auto, (max-width: 100px) 100vw, 100px\" \/><\/a>Mt.Ararat expedition 2004 (Gurzadyan-Aarseth)<\/strong><\/span><\/p>\n<p><span style=\"font-family: georgia, palatino, serif; color: #000000;\">two published articles on discovery of an unknown crater and an Armenian basilica:<\/span><\/p>\n<ul style=\"list-style-type: disc;\">\n<li><span style=\"text-decoration: underline; font-family: georgia, palatino, serif;\"><a href=\"http:\/\/arxiv.org\/abs\/1011.3715\" target=\"_blank\" rel=\"noopener noreferrer\">V.G.Gurzadyan, S.Aarseth, A meteorite crater on Mt. Ararat? The Observatory, (UK) 131 (2011) 31<\/a><\/span><\/li>\n<li style=\"padding-top: 10px; line-height: 1.5;\"><span style=\"font-family: georgia, palatino, serif;\"><a href=\"https:\/\/cosmo.yerphi.am\/wp-content\/uploads\/2024\/09\/\u054e\u0561\u0570\u0561\u0563\u0576-\u0533\u0578\u0582\u0580\u0566\u0561\u0564\u0575\u0561\u0576-\u054e\u0561\u0580\u0561\u0566\u0564\u0561\u057f-\u0540\u0561\u0580\u0578\u0582\u0569\u0575\u0578\u0582\u0576\u0575\u0561\u0576-\u2013-V\u2013VI-\u0564\u0564.-\u0570\u0561\u0575\u056f\u0561\u056f\u0561\u0576-\u0562\u0561\u0566\u056b\u056c\u056b\u056f-\u0565\u056f\u0565\u0572\u0565\u0581\u056b-\u0531\u0580\u0561\u0580\u0561\u057f\u056b-\u056c\u0561\u0576\u057b\u056b\u0576-1.pdf\" target=\"_blank\" rel=\"noopener noreferrer\"><span style=\"text-decoration: underline;\">V.G. Gurzadyan, V.Harutyunian, Armenian 5th-6th Century Basilica Church on the Slope of Ararat, Historical-Philological Journal of Armenian Academy, \u2013 2 . pp. 206-209, 2006; ISSN 0135-0536<\/span><\/a><\/span><\/li>\n<\/ul>\n<p><span style=\"font-family: georgia, palatino, serif;\"><strong><a href=\"https:\/\/cosmo.yerphi.am\/wp-content\/uploads\/2012\/03\/babylon-01.jpg\"><img loading=\"lazy\" decoding=\"async\" class=\"alignleft wp-image-352\" style=\"margin: 0px 10px 10px 0px;\" src=\"https:\/\/cosmo.yerphi.am\/wp-content\/uploads\/2012\/03\/babylon-01.jpg\" alt=\"\" width=\"100\" height=\"67\" srcset=\"https:\/\/cosmo.yerphi.am\/wp-content\/uploads\/2012\/03\/babylon-01.jpg 890w, https:\/\/cosmo.yerphi.am\/wp-content\/uploads\/2012\/03\/babylon-01-300x200.jpg 300w\" sizes=\"auto, (max-width: 100px) 100vw, 100px\" \/><\/a><span style=\"font-size: 14pt;\">Astronomy and the Fall of Babylon:<\/span><\/strong><\/span><\/p>\n<p><span style=\"font-family: georgia, palatino, serif; color: #000000;\">establishing the absolute chronology of ancient world via astronomical advanced methods<\/span><\/p>\n<p><span style=\"font-family: georgia, palatino, serif; color: #000000;\">Monograph<\/span><\/p>\n<p><span style=\"text-decoration: underline; font-family: georgia, palatino, serif;\"><a href=\"http:\/\/www.worldcat.org\/title\/dating-the-fall-of-babylon-a-reappraisal-of-second-millennium-chronology-a-joint-ghent-chicago-harvard-project\/oclc\/496459155\" target=\"_blank\" rel=\"noopener noreferrer\">Gasche H., Armstrong J.A., Cole S.W., Gurzadyan V.G. Dating the Fall of Babylon<\/a>,<\/span><br \/>\n<span style=\"font-family: georgia, palatino, serif;\">(Ghent-Chicago-Harvard project), Mesopotamian History and Environment, Series II, Memoirs IV, <\/span><span style=\"font-family: georgia, palatino, serif;\">Ghent and Chicago Univ. Press, 1998.<\/span><\/p>\n<ul style=\"list-style-type: disc;\">\n<li><span style=\"text-decoration: underline; font-family: georgia, palatino, serif;\"><a href=\"http:\/\/arxiv.org\/abs\/physics\/0311114\" target=\"_blank\" rel=\"noopener noreferrer\">V.G.Gurzadyan, Astronomy and the Fall of Babylon, Sky &amp; Telescope (USA), v.100, No.1 (July), pp.40-45, 2000<\/a><\/span><\/li>\n<li style=\"padding-top: 10px; line-height: 1.5;\"><span style=\"font-family: georgia, palatino, serif;\"><a href=\"http:\/\/arxiv.org\/abs\/physics\/0311035\" target=\"_blank\" rel=\"noopener noreferrer\"><span style=\"text-decoration: underline;\">V.G.Gurzadyan, On the Astronomical Records and Babylonian Chronology, Akkadica, v.119-120 (2000), pp.175-184<\/span><\/a><\/span><\/li>\n<li style=\"padding-top: 10px; line-height: 1.5;\"><span style=\"font-family: georgia, palatino, serif;\"><a href=\"http:\/\/arxiv.org\/abs\/physics\/0311036\" target=\"_blank\" rel=\"noopener noreferrer\"><span style=\"text-decoration: underline;\">V.G.Gurzadyan, The Venus Tablet and Refraction, Akkadica, v.124 (2003), pp.13-17<\/span><\/a><\/span><\/li>\n<li style=\"padding-top: 10px; line-height: 1.5;\"><span style=\"text-decoration: underline; font-family: georgia, palatino, serif;\"><a href=\"http:\/\/arxiv.org\/abs\/physics\/0607137\" target=\"_blank\" rel=\"noopener noreferrer\">V.G.Gurzadyan, D.A.Warburton, On the Available Lunar and Solar Eclipses and Babylonian Chronology, Akkadica, v.126 (2005) p. 195<\/a><\/span><\/li>\n<\/ul>\n<p><span style=\"font-family: georgia, palatino, serif;\"><a href=\"http:\/\/en.wikipedia.org\/wiki\/Chronology_of_the_ancient_Near_East\" target=\"_blank\" rel=\"noopener noreferrer\"><span style=\"text-decoration: underline;\">quoted in handbooks and encyclopedias<\/span><\/a><span style=\"text-decoration: underline;\">, <\/span><\/span><\/p>\n<p><span style=\"text-decoration: underline; font-family: georgia, palatino, serif;\"><a href=\"https:\/\/cosmo.yerphi.am\/wp-content\/uploads\/2020\/03\/Conference.pdf\" target=\"_blank\" rel=\"noopener\">conference<\/a>.<\/span><\/p>\n<p><span style=\"font-family: georgia, palatino, serif;\"><strong><a href=\"https:\/\/cosmo.yerphi.am\/index.php\/research\/kolmogorov\/\" target=\"_blank\" rel=\"noopener\"><span style=\"text-decoration: underline;\"><span style=\"font-size: 14pt;\">Panspermia and the Fermi Paradox<\/span><\/span><\/a><a href=\"https:\/\/cosmo.yerphi.am\/wp-content\/uploads\/2012\/03\/Arecibo.jpg\"><img loading=\"lazy\" decoding=\"async\" class=\"alignleft wp-image-478\" style=\"margin: 0px 10px 30px 0px;\" src=\"https:\/\/cosmo.yerphi.am\/wp-content\/uploads\/2012\/03\/Arecibo-1024x837.jpg\" alt=\"\" width=\"100\" height=\"82\" srcset=\"https:\/\/cosmo.yerphi.am\/wp-content\/uploads\/2012\/03\/Arecibo-1024x837.jpg 1024w, https:\/\/cosmo.yerphi.am\/wp-content\/uploads\/2012\/03\/Arecibo-300x245.jpg 300w, https:\/\/cosmo.yerphi.am\/wp-content\/uploads\/2012\/03\/Arecibo.jpg 1200w\" sizes=\"auto, (max-width: 100px) 100vw, 100px\" \/><\/a><\/strong><\/span><\/p>\n<p><span style=\"font-family: georgia, palatino, serif;\"><span style=\"text-decoration: underline;\"><a href=\"http:\/\/arxiv.org\/abs\/physics\/0508010\" target=\"_blank\" rel=\"noopener noreferrer\">V.G.Gurzadyan, Kolmogorov Complexity, String Information, Panspermia and the Fermi Paradox, <\/a><a href=\"http:\/\/arxiv.org\/abs\/physics\/0508010\" target=\"_blank\" rel=\"noopener noreferrer\">The <\/a><\/span><span style=\"color: #000000;\">Observatory (UK), 125 (2005) 352-355<\/span><\/span><\/p>\n<p>&nbsp;<\/p>\n<p><span style=\"font-size: 14pt; font-family: georgia, palatino, serif;\"><strong><a href=\"https:\/\/cosmo.yerphi.am\/wp-content\/uploads\/2024\/08\/Crab2.jpeg\"><img loading=\"lazy\" decoding=\"async\" class=\"alignleft wp-image-3159\" style=\"margin: 0px 10px 30px 0px;\" src=\"https:\/\/cosmo.yerphi.am\/wp-content\/uploads\/2024\/08\/Crab2-1015x1024.jpeg\" alt=\"\" width=\"100\" height=\"101\" srcset=\"https:\/\/cosmo.yerphi.am\/wp-content\/uploads\/2024\/08\/Crab2-1015x1024.jpeg 1015w, https:\/\/cosmo.yerphi.am\/wp-content\/uploads\/2024\/08\/Crab2-297x300.jpeg 297w, https:\/\/cosmo.yerphi.am\/wp-content\/uploads\/2024\/08\/Crab2-150x150.jpeg 150w, https:\/\/cosmo.yerphi.am\/wp-content\/uploads\/2024\/08\/Crab2-768x775.jpeg 768w, https:\/\/cosmo.yerphi.am\/wp-content\/uploads\/2024\/08\/Crab2.jpeg 1189w\" sizes=\"auto, (max-width: 100px) 100vw, 100px\" \/><\/a>Supernova of 1054 AD (of Crab nebula) in Armenian ancient manuscripts<\/strong><\/span><\/p>\n<p><span style=\"text-decoration: underline; font-family: georgia, palatino, serif;\"><a href=\"http:\/\/arxiv.org\/abs\/1207.3865\" target=\"_blank\" rel=\"noopener noreferrer\">V. G. Gurzadyan, The Supernova of 1054AD, the Armenian chronicle of Hetum, and Cronaca Rampona, <\/a><\/span><\/p>\n<p><span style=\"font-family: georgia, palatino, serif;\"><a href=\"http:\/\/arxiv.org\/abs\/1207.3865\" target=\"_blank\" rel=\"noopener noreferrer\"><span style=\"text-decoration: underline;\">The Observatory (UK), 132 (2012) No.5.<\/span><\/a><\/span><\/p>\n<p>&nbsp;<\/p>\n<p><span style=\"font-family: georgia, palatino, serif;\"><strong><a href=\"https:\/\/cosmo.yerphi.am\/wp-content\/uploads\/2024\/08\/images3.jpg\"><img loading=\"lazy\" decoding=\"async\" class=\"alignleft wp-image-3157\" style=\"margin: 0px 10px 30px 0px;\" src=\"https:\/\/cosmo.yerphi.am\/wp-content\/uploads\/2024\/08\/images3.jpg\" alt=\"\" width=\"100\" height=\"67\" srcset=\"https:\/\/cosmo.yerphi.am\/wp-content\/uploads\/2024\/08\/images3.jpg 800w, https:\/\/cosmo.yerphi.am\/wp-content\/uploads\/2024\/08\/images3-300x200.jpg 300w, https:\/\/cosmo.yerphi.am\/wp-content\/uploads\/2024\/08\/images3-768x511.jpg 768w\" sizes=\"auto, (max-width: 100px) 100vw, 100px\" \/><\/a><span style=\"font-size: 14pt;\">Metsamor-Sirius<\/span><\/strong><\/span><\/p>\n<p><span style=\"font-family: georgia, palatino, serif;\"><a href=\"https:\/\/cosmo.yerphi.am\/wp-content\/uploads\/2024\/08\/Metsamor2.pdf\" target=\"_blank\" rel=\"noopener\"><span style=\"text-decoration: underline;\">\u041e\u0431 \u043e\u0442\u0441\u0443\u0442\u0441\u0442\u0432\u0438\u0438 \u0441\u0432\u044f\u0437\u0438 \u0437\u0432\u0435\u0437\u0434\u043d\u043e\u0433\u043e \u043d\u0435\u0431\u0430 \u0441 \u043f\u0430\u043c\u044f\u0442\u043d\u0438\u043a\u043e\u043c \u0432 \u0434\u0440\u0435\u0432\u043d\u0435\u043c \u041c\u0435\u0446\u0430\u043c\u043e\u0440\u0435<\/span><\/a><\/span><\/p>\n<p>&nbsp;<\/p>\n<p><span style=\"font-size: 14pt;\"><strong><a href=\"https:\/\/cosmo.yerphi.am\/wp-content\/uploads\/2025\/09\/Vishap0.jpg\"><img loading=\"lazy\" decoding=\"async\" class=\"alignleft wp-image-9626\" src=\"https:\/\/cosmo.yerphi.am\/wp-content\/uploads\/2025\/09\/Vishap0.jpg\" alt=\"\" width=\"100\" height=\"62\" srcset=\"https:\/\/cosmo.yerphi.am\/wp-content\/uploads\/2025\/09\/Vishap0.jpg 1200w, https:\/\/cosmo.yerphi.am\/wp-content\/uploads\/2025\/09\/Vishap0-300x185.jpg 300w, https:\/\/cosmo.yerphi.am\/wp-content\/uploads\/2025\/09\/Vishap0-1024x632.jpg 1024w, https:\/\/cosmo.yerphi.am\/wp-content\/uploads\/2025\/09\/Vishap0-768x474.jpg 768w\" sizes=\"auto, (max-width: 100px) 100vw, 100px\" \/><\/a>Vishap stelae as cult dedicated prehistoric monuments of Armenian <\/strong><\/span><span style=\"font-size: 14pt;\"><strong>Highlands: data analysis and interpretation.<\/strong><\/span><\/p>\n<p><span style=\"color: #000000;\">Un astrof\u00edsico y un arque\u00f3logo revelan el misterio de las piedras de drag\u00f3n de Armenia: \u201cvishaps\u201d, un posible culto al agua hace 6.000 a\u00f1os<\/span><\/p>\n<p><a href=\"https:\/\/www.muyinteresante.com\/historia\/vishaps-piedras-dragon-armenia-misterio.html\" target=\"_blank\" rel=\"noopener noreferrer\" data-saferedirecturl=\"https:\/\/www.google.com\/url?q=https:\/\/www.muyinteresante.com\/historia\/vishaps-piedras-dragon-armenia-misterio.html&amp;source=gmail&amp;ust=1756899320525000&amp;usg=AOvVaw1Bkd48ltFJwlQoYW_OUyc5\"><span style=\"text-decoration: underline;\">https:\/\/www.muyinteresante.com<wbr \/>\/historia\/vishaps-piedras-drag<wbr \/>on-armenia-misterio.html<\/span><\/a><\/p>\n<p><span style=\"color: #000000;\">Vishap stelae as cult dedicated prehistoric monuments of Armenian Highlands: data analysis and interpretation<\/span><\/p>\n<p><span style=\"color: #000000;\">Vahe Gurzadyan, Arsen Bobokhyan<\/span><\/p>\n<p><span style=\"color: #000000;\">npj Heritage Science (Springer Nature), volume 13, Article number: 435 (2025)<\/span><\/p>\n<p><a href=\"https:\/\/www.nature.com\/articles\/s40494-025-01998-z\" target=\"_blank\" rel=\"noopener noreferrer\" data-saferedirecturl=\"https:\/\/www.google.com\/url?q=https:\/\/www.nature.com\/articles\/s40494-025-01998-z&amp;source=gmail&amp;ust=1756899320525000&amp;usg=AOvVaw2v9KN8jINBZmvadSqDbG8_\"><span style=\"text-decoration: underline;\">https:\/\/www.nature.com\/article<wbr \/>s\/s40494-025-01998-z<\/span><\/a><\/p>\n<p>&nbsp;<\/p>\n<p>&nbsp;<\/p>\n<p style=\"text-align: right;\">\u00a0<\/p>\n","protected":false},"excerpt":{"rendered":"<p>Tigranes-Halley comet V.G.Gurzadyan, R.Vardanyan, Halley&#8217;s comet of 87 BC on the coins of Armenian king Tigranes? Astronomy &amp; Geophysics (Royal Astronomical Society, UK) 45 (4, August), p.4.06, 2004 \u00a0 Mt.Ararat expedition 2004 (Gurzadyan-Aarseth) two published articles on discovery of an<\/p>\n","protected":false},"author":1,"featured_media":0,"parent":0,"menu_order":8,"comment_status":"closed","ping_status":"closed","template":"","meta":{"_lmt_disableupdate":"no","_lmt_disable":"no","footnotes":""},"class_list":["post-2042","page","type-page","status-publish","hentry"],"_links":{"self":[{"href":"https:\/\/cosmo.yerphi.am\/index.php\/wp-json\/wp\/v2\/pages\/2042","targetHints":{"allow":["GET"]}}],"collection":[{"href":"https:\/\/cosmo.yerphi.am\/index.php\/wp-json\/wp\/v2\/pages"}],"about":[{"href":"https:\/\/cosmo.yerphi.am\/index.php\/wp-json\/wp\/v2\/types\/page"}],"author":[{"embeddable":true,"href":"https:\/\/cosmo.yerphi.am\/index.php\/wp-json\/wp\/v2\/users\/1"}],"replies":[{"embeddable":true,"href":"https:\/\/cosmo.yerphi.am\/index.php\/wp-json\/wp\/v2\/comments?post=2042"}],"version-history":[{"count":7,"href":"https:\/\/cosmo.yerphi.am\/index.php\/wp-json\/wp\/v2\/pages\/2042\/revisions"}],"predecessor-version":[{"id":9620,"href":"https:\/\/cosmo.yerphi.am\/index.php\/wp-json\/wp\/v2\/pages\/2042\/revisions\/9620"}],"wp:attachment":[{"href":"https:\/\/cosmo.yerphi.am\/index.php\/wp-json\/wp\/v2\/media?parent=2042"}],"curies":[{"name":"wp","href":"https:\/\/api.w.org\/{rel}","templated":true}]}}