{"id":7843,"date":"2024-12-14T10:22:06","date_gmt":"2024-12-14T06:22:06","guid":{"rendered":"https:\/\/cosmo.yerphi.am\/?page_id=7843"},"modified":"2025-01-09T14:30:35","modified_gmt":"2025-01-09T10:30:35","slug":"orion-1","status":"publish","type":"page","link":"https:\/\/cosmo.yerphi.am\/index.php\/orion-1\/","title":{"rendered":"ORION-1: orbital observatory at the first space station SALYUT"},"content":{"rendered":"<p>&nbsp;<\/p>\n<p>&nbsp;<\/p>\n<p><span style=\"font-size: 14pt; font-family: arial, helvetica, sans-serif;\"><strong>(04\/19\/1971 \u2013 10\/11\/1971)<\/strong><\/span><\/p>\n<p><span style=\"font-size: 14pt; font-family: arial, helvetica, sans-serif;\"><strong>Scientific supervisor \u2013 G. Gurzadyan<\/strong><\/span><\/p>\n<p>&nbsp;<\/p>\n<p style=\"text-align: justify;\"><span style=\"font-size: 14pt; color: #000000; font-family: arial, helvetica, sans-serif;\"><a href=\"https:\/\/cosmo.yerphi.am\/wp-content\/uploads\/2024\/12\/or1-02-1m.jpg\"><img loading=\"lazy\" decoding=\"async\" class=\"alignright wp-image-8721\" src=\"https:\/\/cosmo.yerphi.am\/wp-content\/uploads\/2024\/12\/or1-02-1m.jpg\" alt=\"\" width=\"320\" height=\"255\" srcset=\"https:\/\/cosmo.yerphi.am\/wp-content\/uploads\/2024\/12\/or1-02-1m.jpg 2503w, https:\/\/cosmo.yerphi.am\/wp-content\/uploads\/2024\/12\/or1-02-1m-300x239.jpg 300w, https:\/\/cosmo.yerphi.am\/wp-content\/uploads\/2024\/12\/or1-02-1m-1024x817.jpg 1024w, https:\/\/cosmo.yerphi.am\/wp-content\/uploads\/2024\/12\/or1-02-1m-768x612.jpg 768w, https:\/\/cosmo.yerphi.am\/wp-content\/uploads\/2024\/12\/or1-02-1m-1536x1225.jpg 1536w, https:\/\/cosmo.yerphi.am\/wp-content\/uploads\/2024\/12\/or1-02-1m-2048x1633.jpg 2048w\" sizes=\"auto, (max-width: 320px) 100vw, 320px\" \/><\/a>The ORION astrophysical observatory was launched into orbit on April 19, 1971 as part of the world&#8217;s first manned space station SALYUT.<\/span><\/p>\n<p style=\"text-align: justify;\"><span style=\"font-size: 14pt; color: #000000; font-family: arial, helvetica, sans-serif;\">The first crew of the space station worked with the observatory: USSR cosmonauts Georgy Dobrovolsky, Vladislav Volkov and Viktor Patsaev, tragically died as a result of the accident of the transport ship SOYUZ-11 during descent from orbit.<\/span><\/p>\n<p style=\"text-align: justify;\"><span style=\"font-size: 14pt; color: #000000; font-family: arial, helvetica, sans-serif;\">The ORION-1 observatory was designed to obtain photographic spectrograms of stars up to the 5th magnitude in the UV spectral region 2000-3800 \u00c5 with a resolution of 5 \u00c5 (at a wavelength of 2600 \u00c5).<\/span><\/p>\n<p>&nbsp;<\/p>\n<hr style=\"height: 2px; border-width: 0; color: gray; background: gray;\" \/>\n<p><span style=\"font-family: arial, helvetica, sans-serif; font-size: 14pt;\"><a href=\"https:\/\/cosmo.yerphi.am\/wp-content\/uploads\/2024\/12\/or1-01-0m.jpg\"><img loading=\"lazy\" decoding=\"async\" class=\"aligncenter wp-image-8722 size-full\" src=\"https:\/\/cosmo.yerphi.am\/wp-content\/uploads\/2024\/12\/or1-01-0m.jpg\" alt=\"\" width=\"937\" height=\"643\" srcset=\"https:\/\/cosmo.yerphi.am\/wp-content\/uploads\/2024\/12\/or1-01-0m.jpg 937w, https:\/\/cosmo.yerphi.am\/wp-content\/uploads\/2024\/12\/or1-01-0m-300x206.jpg 300w, https:\/\/cosmo.yerphi.am\/wp-content\/uploads\/2024\/12\/or1-01-0m-768x527.jpg 768w\" sizes=\"auto, (max-width: 937px) 100vw, 937px\" \/><\/a><\/span><\/p>\n<p style=\"text-align: justify;\"><span style=\"font-family: arial, helvetica, sans-serif; font-size: 14pt;\">The UV telescope-spectrograph with a star tracking sensor and other instruments was mounted in a biaxial gimbal and installed outside the station, in a special niche. In the same niche there was also a lock chamber for transporting photocassettes of instruments inside the station after the completion of the observation program.<\/span><\/p>\n<p style=\"text-align: justify;\"><span style=\"font-family: arial, helvetica, sans-serif; font-size: 14pt;\">Inside the station in front of a special quartz porthole, also in a biaxial tracking suspension, a second spectrograph of the observatory (also located on the tracking platform) was installed.<\/span><\/p>\n<p style=\"text-align: justify;\"><span style=\"font-family: arial, helvetica, sans-serif; font-size: 14pt;\">In front of another window, a sighting device was placed, with the help of which the astronaut remotely pointed the telescope at the star being studied. This device was a collimator sight mounted in a small biaxial suspension. The axes of this suspension and the corresponding axes of the gimbal suspensions of the telescope and internal spectrograph were connected by tracking systems using angular potentiometric sensors.<\/span><\/p>\n<p><span style=\"font-family: arial, helvetica, sans-serif; font-size: 14pt;\"><a href=\"https:\/\/cosmo.yerphi.am\/wp-content\/uploads\/2024\/12\/or1-002.jpg\"><img loading=\"lazy\" decoding=\"async\" class=\"aligncenter wp-image-8733 size-full\" src=\"https:\/\/cosmo.yerphi.am\/wp-content\/uploads\/2024\/12\/or1-002.jpg\" alt=\"\" width=\"940\" height=\"712\" srcset=\"https:\/\/cosmo.yerphi.am\/wp-content\/uploads\/2024\/12\/or1-002.jpg 940w, https:\/\/cosmo.yerphi.am\/wp-content\/uploads\/2024\/12\/or1-002-300x227.jpg 300w, https:\/\/cosmo.yerphi.am\/wp-content\/uploads\/2024\/12\/or1-002-768x582.jpg 768w\" sizes=\"auto, (max-width: 940px) 100vw, 940px\" \/><\/a><\/span><\/p>\n<p style=\"text-align: justify;\"><span style=\"font-family: arial, helvetica, sans-serif; font-size: 14pt;\">The control panel with the observatory electronics unit was also located inside the station. A Mersen system telescope with a light diameter of the main mirror (silica coated with aluminum) of 280 mm and a secondary mirror with a diameter of 50 mm with an effective focal length of 1400 mm was used in combination with a slitless spectrograph of the Wadsworth system.<\/span><\/p>\n<p>&nbsp;<\/p>\n<p style=\"text-align: justify;\"><span style=\"font-family: arial, helvetica, sans-serif; font-size: 14pt;\">The spectrograph used a concave diffraction grating with a curvature of 500 mm and a number of lines of 1200 per 1 mm. A quartz plane-parallel plate was installed in front of the film channel to cut off the second order of the spectrum shorter than 1900 A. The angular scale of the image was 2.5 arc minutes per 1 mm. Spectrograms were recorded on photographic film. There was a mechanism for expanding spectrograms to 0.4 mm.<\/span><\/p>\n<p>&nbsp;<\/p>\n<p><span style=\"font-size: 18pt; font-family: arial, helvetica, sans-serif;\"><strong>Optical diagram of the ORION telescope-spectrograph<\/strong><\/span><\/p>\n<p><span style=\"font-size: 14pt; font-family: arial, helvetica, sans-serif; color: #000000;\"><a href=\"https:\/\/cosmo.yerphi.am\/wp-content\/uploads\/2024\/12\/or1-03-1m.jpg\"><img loading=\"lazy\" decoding=\"async\" class=\"size-full wp-image-8732 alignleft\" src=\"https:\/\/cosmo.yerphi.am\/wp-content\/uploads\/2024\/12\/or1-03-1m.jpg\" alt=\"\" width=\"467\" height=\"283\" srcset=\"https:\/\/cosmo.yerphi.am\/wp-content\/uploads\/2024\/12\/or1-03-1m.jpg 467w, https:\/\/cosmo.yerphi.am\/wp-content\/uploads\/2024\/12\/or1-03-1m-300x182.jpg 300w\" sizes=\"auto, (max-width: 467px) 100vw, 467px\" \/><\/a>Mersen\u2013Wadsward optical design.<\/span><br \/>\n<span style=\"font-size: 14pt; font-family: arial, helvetica, sans-serif; color: #000000;\">1 &#8212; main mirror D = 280mm<\/span><br \/>\n<span style=\"font-size: 14pt; font-family: arial, helvetica, sans-serif; color: #000000;\">2 &#8212; secondary mirror d = 50mm<\/span><br \/>\n<span style=\"font-size: 14pt; font-family: arial, helvetica, sans-serif; color: #000000;\">3 &#8212; diffraction grating 55 x 50mm (1200 lines\/mm)<\/span><br \/>\n<span style=\"font-size: 14pt; font-family: arial, helvetica, sans-serif; color: #000000;\">4 &#8212; light filter<\/span><br \/>\n<span style=\"font-size: 14pt; font-family: arial, helvetica, sans-serif; color: #000000;\">5 &#8212; movie channel<\/span><\/p>\n<p>&nbsp;<\/p>\n<p>&nbsp;<\/p>\n<p>&nbsp;<\/p>\n<p>&nbsp;<\/p>\n<hr style=\"height: 2px; border-width: 0; color: gray; background: gray;\" \/>\n<p><span style=\"font-family: arial, helvetica, sans-serif; font-size: 18pt;\"><strong>The order of the experiment was as follows:<\/strong><\/span><\/p>\n<ul>\n<li><span style=\"color: #000000; font-family: arial, helvetica, sans-serif; font-size: 14pt;\">In the shadow part of the orbit (lasting up to 30 minutes), the cosmonaut, using the control buttons on the sighting device, aimed the crosshair of the collimator sight at a given star under study.<\/span><\/li>\n<li><span style=\"font-family: arial, helvetica, sans-serif; font-size: 14pt;\"><span style=\"color: #000000;\">After that, he turned on the tracking system, the result of which was the coordination of the corresponding axes of the gimbal with an accuracy of approximately \u00b110 arc.<\/span>min. At the same time, the star under study fell into the field of view of the star sensor and the tracking system automatically switched to autonomous guiding mode based on signals from the star sensor.<\/span><\/li>\n<li><span style=\"color: #000000; font-family: arial, helvetica, sans-serif; font-size: 14pt;\">In stabilization mode, the astronaut carried out the exposure program.<\/span><\/li>\n<\/ul>\n<hr style=\"height: 2px; border-width: 0; color: gray; background: gray;\" \/>\n<p><span style=\"font-size: 14pt; font-family: arial, helvetica, sans-serif;\"><strong><span style=\"color: #000000;\"><a href=\"https:\/\/cosmo.yerphi.am\/wp-content\/uploads\/2024\/12\/or1-04-1m.jpg\"><img loading=\"lazy\" decoding=\"async\" class=\"alignright wp-image-8739\" src=\"https:\/\/cosmo.yerphi.am\/wp-content\/uploads\/2024\/12\/or1-04-1m.jpg\" alt=\"\" width=\"300\" height=\"284\" srcset=\"https:\/\/cosmo.yerphi.am\/wp-content\/uploads\/2024\/12\/or1-04-1m.jpg 1445w, https:\/\/cosmo.yerphi.am\/wp-content\/uploads\/2024\/12\/or1-04-1m-300x284.jpg 300w, https:\/\/cosmo.yerphi.am\/wp-content\/uploads\/2024\/12\/or1-04-1m-1024x971.jpg 1024w, https:\/\/cosmo.yerphi.am\/wp-content\/uploads\/2024\/12\/or1-04-1m-768x728.jpg 768w\" sizes=\"auto, (max-width: 300px) 100vw, 300px\" \/><\/a><span style=\"font-size: 18pt;\">Results obtained by the ORION observatory<\/span><\/span><\/strong><\/span><\/p>\n<p>\n<span style=\"font-family: arial, helvetica, sans-serif; font-size: 14pt;\"><span style=\"color: #000000;\">06\/18\/1971 \u2013 6 spectrograms \u03b2 Cen (Agena, 0.69 mag.<\/span><span style=\"color: #000000;\">)<\/span><\/span><br \/>\n<span style=\"font-family: arial, helvetica, sans-serif; font-size: 14pt; color: #000000;\">06\/21\/1971 &#8211; 9 spectrograms of \u03b1 Lyra (Vega, 0.05 mag.)<\/span><\/p>\n<p style=\"text-align: justify;\"><span style=\"font-family: arial, helvetica, sans-serif; font-size: 14pt; color: #000000;\">These are the world&#8217;s first ultraviolet spectrograms of stars obtained on board manned spacecraft. Viktor Patsaev is the first person to directly perform astronomical observations outside the atmosphere.<\/span><\/p>\n<p>&nbsp;<\/p>\n<p>&nbsp;<\/p>\n<p>&nbsp;<\/p>\n<hr style=\"height: 2px; border-width: 0; color: gray; background: gray;\" \/>\n<p><span style=\"font-family: arial, helvetica, sans-serif; font-size: 14pt;\"><a href=\"https:\/\/cosmo.yerphi.am\/wp-content\/uploads\/2024\/12\/or1-05-0m.jpg\"><img loading=\"lazy\" decoding=\"async\" class=\"aligncenter wp-image-8740 size-full\" src=\"https:\/\/cosmo.yerphi.am\/wp-content\/uploads\/2024\/12\/or1-05-0m.jpg\" alt=\"\" width=\"937\" height=\"693\" srcset=\"https:\/\/cosmo.yerphi.am\/wp-content\/uploads\/2024\/12\/or1-05-0m.jpg 937w, https:\/\/cosmo.yerphi.am\/wp-content\/uploads\/2024\/12\/or1-05-0m-300x222.jpg 300w, https:\/\/cosmo.yerphi.am\/wp-content\/uploads\/2024\/12\/or1-05-0m-768x568.jpg 768w\" sizes=\"auto, (max-width: 937px) 100vw, 937px\" \/><\/a><\/span><\/p>\n<p><span style=\"font-family: arial, helvetica, sans-serif; font-size: 14pt;\"><a href=\"https:\/\/cosmo.yerphi.am\/wp-content\/uploads\/2024\/12\/or1-06-0m.jpg\"><img loading=\"lazy\" decoding=\"async\" class=\"aligncenter wp-image-8741 size-full\" src=\"https:\/\/cosmo.yerphi.am\/wp-content\/uploads\/2024\/12\/or1-06-0m.jpg\" alt=\"\" width=\"937\" height=\"673\" srcset=\"https:\/\/cosmo.yerphi.am\/wp-content\/uploads\/2024\/12\/or1-06-0m.jpg 937w, https:\/\/cosmo.yerphi.am\/wp-content\/uploads\/2024\/12\/or1-06-0m-300x215.jpg 300w, https:\/\/cosmo.yerphi.am\/wp-content\/uploads\/2024\/12\/or1-06-0m-768x552.jpg 768w\" sizes=\"auto, (max-width: 937px) 100vw, 937px\" \/><\/a><\/span><\/p>\n<hr style=\"height: 2px; border-width: 0; color: gray; background: gray;\" \/>\n<p style=\"text-align: justify;\"><span style=\"font-family: arial, helvetica, sans-serif; font-size: 14pt; color: #000000;\">Before the launch of the Orion-1 observatory, taking advantage of the fact that an electron accelerator was launched at the Physics Institute in Yerevan, it was decided to try to implement the idea of \u200b\u200b\u200b\u200busing synchrotron radiation for the theoretical calibration of astronomical equipment. After negotiations with the leaders of the Physics Institute, an agreement was reached on the creation of such a special installation for the extraction of synchrotron radiation from the accelerator and its disposal in a special chamber, and at the end of 1970, through joint efforts, such an installation was created and the Orion-1 telescope was successfully calibrated on it.<\/span><\/p>\n<hr style=\"height: 2px; border-width: 0; color: gray; background: gray;\" \/>\n<p><span style=\"font-size: 24pt; font-family: arial, helvetica, sans-serif;\"><strong>Publications<\/strong><\/span><\/p>\n<ul>\n<li style=\"padding-top: 10px; line-height: 1.5; text-align: justify;\"><span style=\"color: #000000; font-size: 12pt;\"> <span style=\"font-family: arial, helvetica, sans-serif;\">G.A.Gurzadyan. A Magnesium Feature in Ultraviolet Stellar Spectra, Sky &amp; Telescope, vol.43, p.350, <\/span><span style=\"font-family: arial, helvetica, sans-serif;\">1972.<\/span><\/span><\/li>\n<li style=\"padding-top: 10px; line-height: 1.5; text-align: justify;\"><span style=\"color: #000000; font-size: 12pt;\"> <span style=\"font-family: arial, helvetica, sans-serif;\">G.A.Gurzadyan., J.B.Ohanesyan. Observed Energy Distribution of alpha LYRA and beta CEN at 2000-<\/span><span style=\"font-family: arial, helvetica, sans-serif;\">3800 A. Nature, 239, 90, 1972.<\/span><\/span><\/li>\n<li style=\"padding-top: 10px; line-height: 1.5; text-align: justify;\"><span style=\"color: #000000; font-size: 12pt;\"> <span style=\"font-family: arial, helvetica, sans-serif;\">G.A.Gurzadyan and J.B.Ohanesyan. Spectrograms of alpha Lyra and beta Cen in the region of 2000-<\/span><span style=\"font-family: arial, helvetica, sans-serif;\">3800 A. Space Science Reviews, 13, 647, 1972.<\/span><\/span><\/li>\n<li style=\"padding-top: 10px; line-height: 1.5; text-align: justify;\"><span style=\"color: #000000; font-size: 12pt;\"> <span style=\"font-family: arial, helvetica, sans-serif;\">G.A.Gurzadyan. Highlighting a Mode of Operation of the Orbital Astronomical Observatory Manned by <\/span><span style=\"font-family: arial, helvetica, sans-serif;\">a Cosmonaut. Comm. Byurakan Obs., 45, 5, 1972.<\/span><\/span><\/li>\n<li style=\"padding-top: 10px; line-height: 1.5; text-align: justify;\"><span style=\"color: #000000; font-size: 12pt;\"> <span style=\"font-family: arial, helvetica, sans-serif;\">G.A.Gurzadyan, E.A.Harutyunian. The Orbital Astrophysical Observatory ORION. Comm. Byurakan <\/span><span style=\"font-family: arial, helvetica, sans-serif;\">Obs., 45, 12, 1972.<\/span><\/span><\/li>\n<li style=\"padding-top: 10px; line-height: 1.5; text-align: justify;\"><span style=\"font-size: 12pt; color: #000000;\"> <span style=\"font-family: arial, helvetica, sans-serif;\">V.I.Patsaev, J.B.Ohanesyan, G.A.Gurzadyan. Spectrograms of alpha LYRA and beta CEN in the Range<\/span> <span style=\"font-family: arial, helvetica, sans-serif;\">of 2000 &#8211; 3800 A. Comm. Byurakan Obs., 45, 20, 1972.<\/span><\/span><\/li>\n<li style=\"padding-top: 10px; line-height: 1.5; text-align: justify;\"><span style=\"color: #000000; font-size: 12pt;\"><span style=\"font-family: arial, helvetica, sans-serif;\">M.N.Krmoyan, A.Z.Zakharyan, Sh.M.Harutyunyan. The Control System of the Automatic Operation of<\/span> <span style=\"font-family: arial, helvetica, sans-serif;\">the ORION Equipment. Comm. Byurakan Obs., 45, 27, 1972.<\/span><\/span><\/li>\n<li style=\"padding-top: 10px; line-height: 1.5; text-align: justify;\"><span style=\"color: #000000; font-size: 12pt;\"> <span style=\"font-family: arial, helvetica, sans-serif;\">G.A.Gurzadyan, J.B.Ohanesyan, P.A.Yephremyan. Energy Calibration of the ORION Spectrograph. <\/span><span style=\"font-family: arial, helvetica, sans-serif;\">Comm. Byurakan Obs., 45, 36, 1972.<\/span><\/span><\/li>\n<li style=\"padding-top: 10px; line-height: 1.5; text-align: justify;\"><span style=\"color: #000000; font-size: 12pt;\"> <span style=\"font-family: arial, helvetica, sans-serif;\">V.M.Uvarova, M.P.Shpolskiy, A.N.Oshurkova, J.B.Ohanesyan, M.V.Uvarova. An Investigation of the <\/span><span style=\"font-family: arial, helvetica, sans-serif;\">Photographic Characteristics of the Film UFSH-4 Used in the ORION Equipment. Comm. Byurakan <\/span><span style=\"font-family: arial, helvetica, sans-serif;\">Obs., 45, 42, 1972.<\/span><\/span><\/li>\n<li style=\"padding-top: 10px; line-height: 1.5; text-align: justify;\"><span style=\"color: #000000; font-size: 12pt;\"> <span style=\"font-family: arial, helvetica, sans-serif;\">G.A.Gurzadyan and J.B.Ohanesyan. Ultraviolet Absorption Lines in the Spectrum of Vega. Astron. &amp; <\/span><span style=\"font-family: arial, helvetica, sans-serif;\">Astrophys., 20, 321, 1972.<\/span><\/span><\/li>\n<li style=\"padding-top: 10px; line-height: 1.5; text-align: justify;\"><span style=\"color: #000000; font-size: 12pt;\"> <span style=\"font-family: arial, helvetica, sans-serif;\">G.A.Gurzadyan and J.B.Ohanesyan. Energy Distribution in the Continuous Spectrum of Vega and <\/span><span style=\"font-family: arial, helvetica, sans-serif;\">Agena in the Region of 2000 &#8211; 3800 A. Astrofizika, 9, 197, 1973.<\/span><\/span><\/li>\n<\/ul>\n<p style=\"text-align: justify;\">\u00a0<\/p>\n<p>&nbsp;<\/p>\n","protected":false},"excerpt":{"rendered":"<p>&nbsp; &nbsp; (04\/19\/1971 \u2013 10\/11\/1971) Scientific supervisor \u2013 G. Gurzadyan &nbsp; The ORION astrophysical observatory was launched into orbit on April 19, 1971 as part of the world&#8217;s first manned space station SALYUT. The first crew of the space station<\/p>\n","protected":false},"author":1,"featured_media":0,"parent":0,"menu_order":0,"comment_status":"closed","ping_status":"closed","template":"","meta":{"_lmt_disableupdate":"no","_lmt_disable":"no","footnotes":""},"class_list":["post-7843","page","type-page","status-publish","hentry"],"_links":{"self":[{"href":"https:\/\/cosmo.yerphi.am\/index.php\/wp-json\/wp\/v2\/pages\/7843","targetHints":{"allow":["GET"]}}],"collection":[{"href":"https:\/\/cosmo.yerphi.am\/index.php\/wp-json\/wp\/v2\/pages"}],"about":[{"href":"https:\/\/cosmo.yerphi.am\/index.php\/wp-json\/wp\/v2\/types\/page"}],"author":[{"embeddable":true,"href":"https:\/\/cosmo.yerphi.am\/index.php\/wp-json\/wp\/v2\/users\/1"}],"replies":[{"embeddable":true,"href":"https:\/\/cosmo.yerphi.am\/index.php\/wp-json\/wp\/v2\/comments?post=7843"}],"version-history":[{"count":0,"href":"https:\/\/cosmo.yerphi.am\/index.php\/wp-json\/wp\/v2\/pages\/7843\/revisions"}],"wp:attachment":[{"href":"https:\/\/cosmo.yerphi.am\/index.php\/wp-json\/wp\/v2\/media?parent=7843"}],"curies":[{"name":"wp","href":"https:\/\/api.w.org\/{rel}","templated":true}]}}